{"id":1193,"date":"2025-04-22T06:48:37","date_gmt":"2025-04-22T06:48:37","guid":{"rendered":"https:\/\/marmarahealthcenter.com\/?page_id=1193"},"modified":"2025-06-02T07:33:18","modified_gmt":"2025-06-02T07:33:18","slug":"ueber-uns","status":"publish","type":"page","link":"https:\/\/marmarahealthcenter.com\/de\/ueber-uns\/","title":{"rendered":"\u00dcber Uns"},"content":{"rendered":"\n\t<section class=\"section\" id=\"section_1689648108\">\n\t\t<div class=\"section-bg fill\" >\n\t\t\t\t\t\t\t\t\t\n\t\t\t\n\t<div class=\"is-border\"\n\t\tstyle=\"border-color:rgb(60, 114, 139);border-width:2px 0px 2px 0px;\">\n\t<\/div>\n\n\t\t<\/div>\n\n\t\t\n\n\t\t<div class=\"section-content relative\">\n\t\t\t\n<div class=\"row row-full-width align-middle\"  id=\"row-226612268\">\n\n\t<div id=\"col-391255150\" class=\"col medium-7 small-12 large-7\"  >\n\t\t\t\t<div class=\"col-inner\"  >\n\t\t\t\n\t\t\t\n  <div id=\"page-header-2051277336\" class=\"page-header-wrapper\">\n  <div class=\"page-title light simple-title\">\n\n    \n    <div class=\"page-title-inner container align-top text-center flex-row-col medium-flex-wrap\" >\n              <div class=\"title-wrapper is-larger flex-col\">\n          <h1 class=\"entry-title mb-0\">\n            \u00dcber Uns          <\/h1>\n        <\/div>\n                    <div class=\"title-content flex-col\">\n        <div class=\"title-breadcrumbs pb-half pt-half\"><\/div>      <\/div>\n    <\/div>\n\n       <\/div>\n    <\/div>\n  \n<div class=\"text-center\"><div class=\"is-divider divider clearfix\" style=\"margin-top:0.3em;margin-bottom:0.3em;max-width:150px;height:5px;background-color:rgb(37, 230, 200);\"><\/div><\/div>\n\t<div id=\"text-1525709859\" class=\"text\">\n\t\t\n<p><strong>Willkommen in der Marmara Health Clinic:<\/strong><br \/><span style=\"color: #282828;\">Ihr erstklassiges Ziel f\u00fcr <\/span><span style=\"color: #282828;\">umfassende Gesundheitsl\u00f6sungen<\/span><\/p>\n\t\t\n<style>\n#text-1525709859 {\n  font-size: 1.5rem;\n  color: #3c728b;\n}\n#text-1525709859 > * {\n  color: #3c728b;\n}\n@media (min-width:550px) {\n  #text-1525709859 {\n    font-size: 1.75rem;\n  }\n}\n<\/style>\n\t<\/div>\n\t\n<p>In der Marmara Health Clinic setzen wir uns daf\u00fcr ein, individuelle Gesundheitsl\u00f6sungen anzubieten, die unsere Patientinnen und Patienten dabei unterst\u00fctzen, sich wohlzuf\u00fchlen und gut auszusehen. Von \u00e4sthetischer Chirurgie wie Nasenkorrekturen \u00fcber Haartransplantationen und Zahnbehandlungen bis hin zu Adipositaschirurgie bieten wir ein breites Spektrum an fortschrittlichen medizinischen Leistungen, die auf Ihre individuellen Bed\u00fcrfnisse zugeschnitten sind.<\/p>\n<div class=\"row\"  id=\"row-2002129336\">\n\n\t<div id=\"col-1027370245\" class=\"col medium-4 small-12 large-4\"  >\n\t\t\t\t<div class=\"col-inner\"  >\n\t\t\t\n\t\t\t\n\n\t\t<div class=\"icon-box featured-box icon-box-left text-left\"  >\n\t\t\t\t\t<div class=\"icon-box-img\" style=\"width: 20px\">\n\t\t\t\t<div class=\"icon\">\n\t\t\t\t\t<div class=\"icon-inner\" >\n\t\t\t\t\t\t<img loading=\"lazy\" decoding=\"async\" width=\"34\" height=\"34\" src=\"https:\/\/marmarahealthcenter.com\/wp-content\/uploads\/2025\/04\/plus-icon.webp\" class=\"attachment-medium size-medium\" alt=\"\" \/>\t\t\t\t\t<\/div>\n\t\t\t\t<\/div>\n\t\t\t<\/div>\n\t\t\t\t<div class=\"icon-box-text last-reset\">\n\t\t\t\t\t\t\t\t\t\n\t<div id=\"text-431056196\" class=\"text\">\n\t\t\n<p>Sch\u00f6nheitsoperationen<\/p>\n\t\t\n<style>\n#text-431056196 {\n  text-align: left;\n}\n<\/style>\n\t<\/div>\n\t\n\t\t<\/div>\n\t<\/div>\n\t\n\t\n\t<div id=\"gap-2112212229\" class=\"gap-element clearfix\" style=\"display:block; height:auto;\">\n\t\t\n<style>\n#gap-2112212229 {\n  padding-top: 15px;\n}\n<\/style>\n\t<\/div>\n\t\n\n\t\t<div class=\"icon-box featured-box icon-box-left text-left\"  >\n\t\t\t\t\t<div class=\"icon-box-img\" style=\"width: 20px\">\n\t\t\t\t<div class=\"icon\">\n\t\t\t\t\t<div class=\"icon-inner\" >\n\t\t\t\t\t\t<img loading=\"lazy\" decoding=\"async\" width=\"34\" height=\"34\" src=\"https:\/\/marmarahealthcenter.com\/wp-content\/uploads\/2025\/04\/plus-icon.webp\" class=\"attachment-medium size-medium\" alt=\"\" \/>\t\t\t\t\t<\/div>\n\t\t\t\t<\/div>\n\t\t\t<\/div>\n\t\t\t\t<div class=\"icon-box-text last-reset\">\n\t\t\t\t\t\t\t\t\t\n\t<div id=\"text-2773733229\" class=\"text\">\n\t\t\n<p>Haartransplantation<\/p>\n\t\t\n<style>\n#text-2773733229 {\n  text-align: left;\n}\n<\/style>\n\t<\/div>\n\t\n\t\t<\/div>\n\t<\/div>\n\t\n\t\n\t\t<\/div>\n\t\t\t\t\n<style>\n#col-1027370245 > .col-inner {\n  margin: 0px 0px -15px 0px;\n}\n@media (min-width:550px) {\n  #col-1027370245 > .col-inner {\n    margin: 0px 0px 0px 0px;\n  }\n}\n<\/style>\n\t<\/div>\n\n\t\n\n\t<div id=\"col-1719910851\" class=\"col medium-4 small-12 large-4\"  >\n\t\t\t\t<div class=\"col-inner\"  >\n\t\t\t\n\t\t\t\n\n\t\t<div class=\"icon-box featured-box icon-box-left text-left\"  >\n\t\t\t\t\t<div class=\"icon-box-img\" style=\"width: 20px\">\n\t\t\t\t<div class=\"icon\">\n\t\t\t\t\t<div class=\"icon-inner\" >\n\t\t\t\t\t\t<img loading=\"lazy\" decoding=\"async\" width=\"34\" height=\"34\" src=\"https:\/\/marmarahealthcenter.com\/wp-content\/uploads\/2025\/04\/plus-icon.webp\" class=\"attachment-medium size-medium\" alt=\"\" \/>\t\t\t\t\t<\/div>\n\t\t\t\t<\/div>\n\t\t\t<\/div>\n\t\t\t\t<div class=\"icon-box-text last-reset\">\n\t\t\t\t\t\t\t\t\t\n\t<div id=\"text-1378416814\" class=\"text\">\n\t\t\n<p>Nasenkorrektur<\/p>\n\t\t\n<style>\n#text-1378416814 {\n  text-align: left;\n}\n<\/style>\n\t<\/div>\n\t\n\t\t<\/div>\n\t<\/div>\n\t\n\t\n\t<div id=\"gap-956120996\" class=\"gap-element clearfix\" style=\"display:block; height:auto;\">\n\t\t\n<style>\n#gap-956120996 {\n  padding-top: 15px;\n}\n<\/style>\n\t<\/div>\n\t\n\n\t\t<div class=\"icon-box featured-box icon-box-left text-left\"  >\n\t\t\t\t\t<div class=\"icon-box-img\" style=\"width: 20px\">\n\t\t\t\t<div class=\"icon\">\n\t\t\t\t\t<div class=\"icon-inner\" >\n\t\t\t\t\t\t<img loading=\"lazy\" decoding=\"async\" width=\"34\" height=\"34\" src=\"https:\/\/marmarahealthcenter.com\/wp-content\/uploads\/2025\/04\/plus-icon.webp\" class=\"attachment-medium size-medium\" alt=\"\" \/>\t\t\t\t\t<\/div>\n\t\t\t\t<\/div>\n\t\t\t<\/div>\n\t\t\t\t<div class=\"icon-box-text last-reset\">\n\t\t\t\t\t\t\t\t\t\n\t<div id=\"text-1122877442\" class=\"text\">\n\t\t\n<p>Zahnbehandlungen<\/p>\n\t\t\n<style>\n#text-1122877442 {\n  text-align: left;\n}\n<\/style>\n\t<\/div>\n\t\n\t\t<\/div>\n\t<\/div>\n\t\n\t\n\t\t<\/div>\n\t\t\t\t\n<style>\n#col-1719910851 > .col-inner {\n  margin: 0px 0px -15px 0px;\n}\n@media (min-width:550px) {\n  #col-1719910851 > .col-inner {\n    margin: 0px 0px 0px 0px;\n  }\n}\n<\/style>\n\t<\/div>\n\n\t\n\n\t<div id=\"col-60752494\" class=\"col medium-4 small-12 large-4\"  >\n\t\t\t\t<div class=\"col-inner\"  >\n\t\t\t\n\t\t\t\n\n\t\t<div class=\"icon-box featured-box icon-box-left text-left\"  >\n\t\t\t\t\t<div class=\"icon-box-img\" style=\"width: 20px\">\n\t\t\t\t<div class=\"icon\">\n\t\t\t\t\t<div class=\"icon-inner\" >\n\t\t\t\t\t\t<img loading=\"lazy\" decoding=\"async\" width=\"34\" height=\"34\" src=\"https:\/\/marmarahealthcenter.com\/wp-content\/uploads\/2025\/04\/plus-icon.webp\" class=\"attachment-medium size-medium\" alt=\"\" \/>\t\t\t\t\t<\/div>\n\t\t\t\t<\/div>\n\t\t\t<\/div>\n\t\t\t\t<div class=\"icon-box-text last-reset\">\n\t\t\t\t\t\t\t\t\t\n\t<div id=\"text-1427270529\" class=\"text\">\n\t\t\n<p>Adipositaschirurgie<\/p>\n\t\t\n<style>\n#text-1427270529 {\n  text-align: left;\n}\n<\/style>\n\t<\/div>\n\t\n\t\t<\/div>\n\t<\/div>\n\t\n\t\n\t\t<\/div>\n\t\t\t\t\t<\/div>\n\n\t\n<\/div>\n\t<div id=\"text-2766700197\" class=\"text\">\n\t\t\n<p><span style=\"color: #3c728b; font-size: 120%;\"><strong>Warum Marmara Health Clinic?<\/strong><\/span><br \/>+ Der akademische Hintergrund unserer \u00c4rzte,<br \/>+ Mehr als 20 Jahre Erfahrung und Expertise in der Allgemeinchirurgie,<br \/>+ \u00dcber 10 Jahre Erfahrung in der Adipositaschirurgie,<br \/>+ Tausende erfolgreiche Operationen und Behandlungsgeschichten,<br \/>+ Um wissenschaftlichen Innovationen und Entwicklungen in der Medizin zu folgen,<br \/>+ Anwendung der neuesten, bew\u00e4hrten Behandlungsmethoden<\/p>\n\t\t\n<style>\n#text-2766700197 {\n  color: rgb(0,0,0);\n}\n#text-2766700197 > * {\n  color: rgb(0,0,0);\n}\n<\/style>\n\t<\/div>\n\t\n<a class=\"button primary\"  style=\"border-radius:10px;\">\n\t\t<span>Termin buchen<\/span>\n\t<\/a>\n\n\t\t<\/div>\n\t\t\t\t\n<style>\n#col-391255150 > .col-inner {\n  padding: 0px 0px 0px 3%;\n}\n@media (min-width:550px) {\n  #col-391255150 > .col-inner {\n    padding: 0px 0px 0px 15%;\n  }\n}\n<\/style>\n\t<\/div>\n\n\t\n\n\t<div id=\"col-1007167843\" class=\"col medium-5 small-12 large-5 small-col-first\"  >\n\t\t\t\t<div class=\"col-inner\"  >\n\t\t\t\n\t\t\t\n\t<div class=\"img has-hover x md-x lg-x y md-y lg-y\" id=\"image_325436232\">\n\t\t\t\t\t\t\t\t<div class=\"img-inner dark\" >\n\t\t\t<img loading=\"lazy\" decoding=\"async\" width=\"794\" height=\"939\" src=\"https:\/\/marmarahealthcenter.com\/wp-content\/uploads\/2025\/04\/MHC_hakkimdagorsel.webp\" class=\"attachment-2048x2048 size-2048x2048\" alt=\"\" srcset=\"https:\/\/marmarahealthcenter.com\/wp-content\/uploads\/2025\/04\/MHC_hakkimdagorsel.webp 794w, https:\/\/marmarahealthcenter.com\/wp-content\/uploads\/2025\/04\/MHC_hakkimdagorsel-338x400.webp 338w, https:\/\/marmarahealthcenter.com\/wp-content\/uploads\/2025\/04\/MHC_hakkimdagorsel-676x800.webp 676w, https:\/\/marmarahealthcenter.com\/wp-content\/uploads\/2025\/04\/MHC_hakkimdagorsel-768x908.webp 768w\" sizes=\"auto, (max-width: 794px) 100vw, 794px\" \/>\t\t\t\t\t\t\n\t\t\t\t\t<\/div>\n\t\t\t\t\t\t\t\t\n<style>\n#image_325436232 {\n  width: 100%;\n}\n<\/style>\n\t<\/div>\n\t\n\t\t<\/div>\n\t\t\t\t\n<style>\n#col-1007167843 > .col-inner {\n  padding: 0px 0px 0px 0px;\n}\n@media (min-width:550px) {\n  #col-1007167843 > .col-inner {\n    padding: 0px 15% 0px 0px;\n  }\n}\n<\/style>\n\t<\/div>\n\n\t\n<\/div>\n\t\t<\/div>\n\n\t\t\n<style>\n#section_1689648108 {\n  padding-top: 10px;\n  padding-bottom: 10px;\n  background-color: rgb(245, 248, 250);\n}\n@media (min-width:550px) {\n  #section_1689648108 {\n    padding-top: 30px;\n    padding-bottom: 30px;\n  }\n}\n<\/style>\n\t<\/section>\n\t\n\n\t<section class=\"section\" id=\"section_756244058\">\n\t\t<div class=\"section-bg fill\" >\n\t\t\t\t\t\t\t\t\t\n\t\t\t\n\n\t\t<\/div>\n\n\t\t\n\n\t\t<div class=\"section-content relative\">\n\t\t\t\n<div class=\"row align-center\"  id=\"row-1393070418\">\n\n\t<div id=\"col-2079891481\" class=\"col small-12 large-12\"  >\n\t\t\t\t<div class=\"col-inner text-center\"  >\n\t\t\t\n\t\t\t\n\t<div id=\"text-2043612689\" class=\"text\">\n\t\t\n<div><strong>Unser Team<\/strong><\/div>\n\t\t\n<style>\n#text-2043612689 {\n  font-size: 1.75rem;\n  color: rgb(60, 114, 139);\n}\n#text-2043612689 > * {\n  color: rgb(60, 114, 139);\n}\n@media (min-width:550px) {\n  #text-2043612689 {\n    font-size: 2.5rem;\n  }\n}\n<\/style>\n\t<\/div>\n\t\n<div class=\"is-divider divider clearfix\" style=\"margin-top:0.3em;margin-bottom:0.3em;max-width:200px;height:5px;background-color:rgb(37, 230, 200);\"><\/div>\n\t\t<\/div>\n\t\t\t\t\t<\/div>\n\n\t\n\n\t<div id=\"col-1425832283\" class=\"col medium-3 small-6 large-3\"  >\n\t\t\t\t<div class=\"col-inner\"  >\n\t\t\t\n\t\t\t\n\t<div class=\"box has-hover   has-hover box-text-bottom\" >\n\n\t\t<div class=\"box-image\" >\n\t\t\t\t\t\t<div class=\"\" >\n\t\t\t\t<img loading=\"lazy\" decoding=\"async\" width=\"330\" height=\"599\" src=\"https:\/\/marmarahealthcenter.com\/wp-content\/uploads\/2025\/04\/Doc.-Dr.-Hasan-ABUOGLU.webp\" class=\"attachment-2048x2048 size-2048x2048\" alt=\"\" srcset=\"https:\/\/marmarahealthcenter.com\/wp-content\/uploads\/2025\/04\/Doc.-Dr.-Hasan-ABUOGLU.webp 330w, https:\/\/marmarahealthcenter.com\/wp-content\/uploads\/2025\/04\/Doc.-Dr.-Hasan-ABUOGLU-220x400.webp 220w\" sizes=\"auto, (max-width: 330px) 100vw, 330px\" \/>\t\t\t\t\t\t\t\t\t\t\t<\/div>\n\t\t\t\t\t<\/div>\n\n\t\t<div class=\"box-text text-center\" >\n\t\t\t<div class=\"box-text-inner\">\n\t\t\t\t\n\t\t\t<\/div>\n\t\t<\/div>\n\t<\/div>\n\t\n\t\t<\/div>\n\t\t\t\t\t<\/div>\n\n\t\n\n\t<div id=\"col-548302129\" class=\"col medium-3 small-6 large-3\"  >\n\t\t\t\t<div class=\"col-inner\"  >\n\t\t\t\n\t\t\t\n\t<div class=\"box has-hover   has-hover box-text-bottom\" >\n\n\t\t<div class=\"box-image\" >\n\t\t\t\t\t\t<div class=\"\" >\n\t\t\t\t<img loading=\"lazy\" decoding=\"async\" width=\"330\" height=\"599\" src=\"https:\/\/marmarahealthcenter.com\/wp-content\/uploads\/2025\/04\/Nihat-TUMER.webp\" class=\"attachment- size-\" alt=\"\" srcset=\"https:\/\/marmarahealthcenter.com\/wp-content\/uploads\/2025\/04\/Nihat-TUMER.webp 330w, https:\/\/marmarahealthcenter.com\/wp-content\/uploads\/2025\/04\/Nihat-TUMER-220x400.webp 220w\" sizes=\"auto, (max-width: 330px) 100vw, 330px\" \/>\t\t\t\t\t\t\t\t\t\t\t<\/div>\n\t\t\t\t\t<\/div>\n\n\t\t<div class=\"box-text text-center\" >\n\t\t\t<div class=\"box-text-inner\">\n\t\t\t\t\n\t\t\t<\/div>\n\t\t<\/div>\n\t<\/div>\n\t\n\t\t<\/div>\n\t\t\t\t\t<\/div>\n\n\t\n\n\t<div id=\"col-612740774\" class=\"col medium-3 small-6 large-3\"  >\n\t\t\t\t<div class=\"col-inner\"  >\n\t\t\t\n\t\t\t\n\t<div class=\"box has-hover   has-hover box-text-bottom\" >\n\n\t\t<div class=\"box-image\" >\n\t\t\t\t\t\t<div class=\"\" >\n\t\t\t\t<img loading=\"lazy\" decoding=\"async\" width=\"330\" height=\"599\" src=\"https:\/\/marmarahealthcenter.com\/wp-content\/uploads\/2025\/04\/Elif-ALUC.webp\" class=\"attachment- size-\" alt=\"\" srcset=\"https:\/\/marmarahealthcenter.com\/wp-content\/uploads\/2025\/04\/Elif-ALUC.webp 330w, https:\/\/marmarahealthcenter.com\/wp-content\/uploads\/2025\/04\/Elif-ALUC-220x400.webp 220w\" sizes=\"auto, (max-width: 330px) 100vw, 330px\" \/>\t\t\t\t\t\t\t\t\t\t\t<\/div>\n\t\t\t\t\t<\/div>\n\n\t\t<div class=\"box-text text-center\" >\n\t\t\t<div class=\"box-text-inner\">\n\t\t\t\t\n\t\t\t<\/div>\n\t\t<\/div>\n\t<\/div>\n\t\n\t\t<\/div>\n\t\t\t\t\t<\/div>\n\n\t\n\n\t<div id=\"col-2059191959\" class=\"col medium-3 small-6 large-3\"  >\n\t\t\t\t<div class=\"col-inner\"  >\n\t\t\t\n\t\t\t\n\t<div class=\"box has-hover   has-hover box-text-bottom\" >\n\n\t\t<div class=\"box-image\" >\n\t\t\t\t\t\t<div class=\"\" >\n\t\t\t\t<img loading=\"lazy\" decoding=\"async\" width=\"330\" height=\"599\" src=\"https:\/\/marmarahealthcenter.com\/wp-content\/uploads\/2025\/04\/Burak-BAYIROGLU.webp\" class=\"attachment- size-\" alt=\"\" srcset=\"https:\/\/marmarahealthcenter.com\/wp-content\/uploads\/2025\/04\/Burak-BAYIROGLU.webp 330w, https:\/\/marmarahealthcenter.com\/wp-content\/uploads\/2025\/04\/Burak-BAYIROGLU-220x400.webp 220w\" sizes=\"auto, (max-width: 330px) 100vw, 330px\" \/>\t\t\t\t\t\t\t\t\t\t\t<\/div>\n\t\t\t\t\t<\/div>\n\n\t\t<div class=\"box-text text-center\" >\n\t\t\t<div class=\"box-text-inner\">\n\t\t\t\t\n\t\t\t<\/div>\n\t\t<\/div>\n\t<\/div>\n\t\n\t\t<\/div>\n\t\t\t\t\t<\/div>\n\n\t\n<\/div>\n\t\t<\/div>\n\n\t\t\n<style>\n#section_756244058 {\n  padding-top: 30px;\n  padding-bottom: 30px;\n  background-color: rgb(245, 248, 250);\n}\n<\/style>\n\t<\/section>\n\t\n","protected":false},"excerpt":{"rendered":"","protected":false},"author":1,"featured_media":0,"parent":0,"menu_order":0,"comment_status":"closed","ping_status":"closed","template":"page-blank.php","meta":{"footnotes":""},"class_list":["post-1193","page","type-page","status-publish","hentry"],"_links":{"self":[{"href":"https:\/\/marmarahealthcenter.com\/de\/wp-json\/wp\/v2\/pages\/1193","targetHints":{"allow":["GET"]}}],"collection":[{"href":"https:\/\/marmarahealthcenter.com\/de\/wp-json\/wp\/v2\/pages"}],"about":[{"href":"https:\/\/marmarahealthcenter.com\/de\/wp-json\/wp\/v2\/types\/page"}],"author":[{"embeddable":true,"href":"https:\/\/marmarahealthcenter.com\/de\/wp-json\/wp\/v2\/users\/1"}],"replies":[{"embeddable":true,"href":"https:\/\/marmarahealthcenter.com\/de\/wp-json\/wp\/v2\/comments?post=1193"}],"version-history":[{"count":3,"href":"https:\/\/marmarahealthcenter.com\/de\/wp-json\/wp\/v2\/pages\/1193\/revisions"}],"predecessor-version":[{"id":1205,"href":"https:\/\/marmarahealthcenter.com\/de\/wp-json\/wp\/v2\/pages\/1193\/revisions\/1205"}],"wp:attachment":[{"href":"https:\/\/marmarahealthcenter.com\/de\/wp-json\/wp\/v2\/media?parent=1193"}],"curies":[{"name":"wp","href":"https:\/\/api.w.org\/{rel}","templated":true}]}}