{"id":1468,"date":"2025-04-22T06:48:37","date_gmt":"2025-04-22T06:48:37","guid":{"rendered":"https:\/\/marmarahealthcenter.com\/?page_id=1468"},"modified":"2025-07-03T10:40:19","modified_gmt":"2025-07-03T10:40:19","slug":"sobre-nosotros","status":"publish","type":"page","link":"https:\/\/marmarahealthcenter.com\/es\/sobre-nosotros\/","title":{"rendered":"Sobre Nosotros"},"content":{"rendered":"\n\t<section class=\"section\" id=\"section_571004388\">\n\t\t<div class=\"section-bg fill\" >\n\t\t\t\t\t\t\t\t\t\n\t\t\t\n\t<div class=\"is-border\"\n\t\tstyle=\"border-color:rgb(60, 114, 139);border-width:2px 0px 2px 0px;\">\n\t<\/div>\n\n\t\t<\/div>\n\n\t\t\n\n\t\t<div class=\"section-content relative\">\n\t\t\t\n<div class=\"row row-full-width align-middle\"  id=\"row-1586450139\">\n\n\t<div id=\"col-1594301312\" class=\"col medium-7 small-12 large-7\"  >\n\t\t\t\t<div class=\"col-inner\"  >\n\t\t\t\n\t\t\t\n  <div id=\"page-header-1682163585\" class=\"page-header-wrapper\">\n  <div class=\"page-title light simple-title\">\n\n    \n    <div class=\"page-title-inner container align-top text-center flex-row-col medium-flex-wrap\" >\n              <div class=\"title-wrapper is-larger flex-col\">\n          <h1 class=\"entry-title mb-0\">\n            Sobre Nosotros          <\/h1>\n        <\/div>\n                    <div class=\"title-content flex-col\">\n        <div class=\"title-breadcrumbs pb-half pt-half\"><\/div>      <\/div>\n    <\/div>\n\n       <\/div>\n    <\/div>\n  \n<div class=\"text-center\"><div class=\"is-divider divider clearfix\" style=\"margin-top:0.3em;margin-bottom:0.3em;max-width:150px;height:5px;background-color:rgb(37, 230, 200);\"><\/div><\/div>\n\t<div id=\"text-2189208959\" class=\"text\">\n\t\t\n<p><strong>Bienvenido a la Cl\u00ednica de Salud Marmara:<\/strong><br \/><span style=\"color: #282828;\">Su destino principal para <\/span><span style=\"color: #282828;\">soluciones integrales de salud<\/span><\/p>\n\t\t\n<style>\n#text-2189208959 {\n  font-size: 1.5rem;\n  color: #3c728b;\n}\n#text-2189208959 > * {\n  color: #3c728b;\n}\n@media (min-width:550px) {\n  #text-2189208959 {\n    font-size: 1.75rem;\n  }\n}\n<\/style>\n\t<\/div>\n\t\n<p>En la Cl\u00ednica de Salud Marmara, estamos dedicados a proporcionar soluciones de salud personalizadas que empoderan a nuestros pacientes para verse y sentirse mejor. Desde cirug\u00eda est\u00e9tica, incluyendo rinoplastia, hasta trasplante capilar, tratamientos dentales y cirug\u00eda de obesidad, ofrecemos una amplia gama de servicios m\u00e9dicos avanzados adaptados a sus necesidades \u00fanicas.<\/p>\n<div class=\"row\"  id=\"row-1491495678\">\n\n\t<div id=\"col-1102131977\" class=\"col medium-4 small-12 large-4\"  >\n\t\t\t\t<div class=\"col-inner\"  >\n\t\t\t\n\t\t\t\n\n\t\t<div class=\"icon-box featured-box icon-box-left text-left\"  >\n\t\t\t\t\t<div class=\"icon-box-img\" style=\"width: 20px\">\n\t\t\t\t<div class=\"icon\">\n\t\t\t\t\t<div class=\"icon-inner\" >\n\t\t\t\t\t\t<img loading=\"lazy\" decoding=\"async\" width=\"34\" height=\"34\" src=\"https:\/\/marmarahealthcenter.com\/wp-content\/uploads\/2025\/04\/plus-icon.webp\" class=\"attachment-medium size-medium\" alt=\"\" \/>\t\t\t\t\t<\/div>\n\t\t\t\t<\/div>\n\t\t\t<\/div>\n\t\t\t\t<div class=\"icon-box-text last-reset\">\n\t\t\t\t\t\t\t\t\t\n\t<div id=\"text-1039859976\" class=\"text\">\n\t\t\n<p>Cirug\u00eda est\u00e9tica<\/p>\n\t\t\n<style>\n#text-1039859976 {\n  text-align: left;\n}\n<\/style>\n\t<\/div>\n\t\n\t\t<\/div>\n\t<\/div>\n\t\n\t\n\t<div id=\"gap-260231273\" class=\"gap-element clearfix\" style=\"display:block; height:auto;\">\n\t\t\n<style>\n#gap-260231273 {\n  padding-top: 15px;\n}\n<\/style>\n\t<\/div>\n\t\n\n\t\t<div class=\"icon-box featured-box icon-box-left text-left\"  >\n\t\t\t\t\t<div class=\"icon-box-img\" style=\"width: 20px\">\n\t\t\t\t<div class=\"icon\">\n\t\t\t\t\t<div class=\"icon-inner\" >\n\t\t\t\t\t\t<img loading=\"lazy\" decoding=\"async\" width=\"34\" height=\"34\" src=\"https:\/\/marmarahealthcenter.com\/wp-content\/uploads\/2025\/04\/plus-icon.webp\" class=\"attachment-medium size-medium\" alt=\"\" \/>\t\t\t\t\t<\/div>\n\t\t\t\t<\/div>\n\t\t\t<\/div>\n\t\t\t\t<div class=\"icon-box-text last-reset\">\n\t\t\t\t\t\t\t\t\t\n\t<div id=\"text-3361515025\" class=\"text\">\n\t\t\n<p>Trasplante capilar<\/p>\n\t\t\n<style>\n#text-3361515025 {\n  text-align: left;\n}\n<\/style>\n\t<\/div>\n\t\n\t\t<\/div>\n\t<\/div>\n\t\n\t\n\t\t<\/div>\n\t\t\t\t\n<style>\n#col-1102131977 > .col-inner {\n  margin: 0px 0px -15px 0px;\n}\n@media (min-width:550px) {\n  #col-1102131977 > .col-inner {\n    margin: 0px 0px 0px 0px;\n  }\n}\n<\/style>\n\t<\/div>\n\n\t\n\n\t<div id=\"col-569645678\" class=\"col medium-4 small-12 large-4\"  >\n\t\t\t\t<div class=\"col-inner\"  >\n\t\t\t\n\t\t\t\n\n\t\t<div class=\"icon-box featured-box icon-box-left text-left\"  >\n\t\t\t\t\t<div class=\"icon-box-img\" style=\"width: 20px\">\n\t\t\t\t<div class=\"icon\">\n\t\t\t\t\t<div class=\"icon-inner\" >\n\t\t\t\t\t\t<img loading=\"lazy\" decoding=\"async\" width=\"34\" height=\"34\" src=\"https:\/\/marmarahealthcenter.com\/wp-content\/uploads\/2025\/04\/plus-icon.webp\" class=\"attachment-medium size-medium\" alt=\"\" \/>\t\t\t\t\t<\/div>\n\t\t\t\t<\/div>\n\t\t\t<\/div>\n\t\t\t\t<div class=\"icon-box-text last-reset\">\n\t\t\t\t\t\t\t\t\t\n\t<div id=\"text-1877836220\" class=\"text\">\n\t\t\n<p>Rinoplastia<\/p>\n\t\t\n<style>\n#text-1877836220 {\n  text-align: left;\n}\n<\/style>\n\t<\/div>\n\t\n\t\t<\/div>\n\t<\/div>\n\t\n\t\n\t<div id=\"gap-1180092631\" class=\"gap-element clearfix\" style=\"display:block; height:auto;\">\n\t\t\n<style>\n#gap-1180092631 {\n  padding-top: 15px;\n}\n<\/style>\n\t<\/div>\n\t\n\n\t\t<div class=\"icon-box featured-box icon-box-left text-left\"  >\n\t\t\t\t\t<div class=\"icon-box-img\" style=\"width: 20px\">\n\t\t\t\t<div class=\"icon\">\n\t\t\t\t\t<div class=\"icon-inner\" >\n\t\t\t\t\t\t<img loading=\"lazy\" decoding=\"async\" width=\"34\" height=\"34\" src=\"https:\/\/marmarahealthcenter.com\/wp-content\/uploads\/2025\/04\/plus-icon.webp\" class=\"attachment-medium size-medium\" alt=\"\" \/>\t\t\t\t\t<\/div>\n\t\t\t\t<\/div>\n\t\t\t<\/div>\n\t\t\t\t<div class=\"icon-box-text last-reset\">\n\t\t\t\t\t\t\t\t\t\n\t<div id=\"text-128477633\" class=\"text\">\n\t\t\n<p>Tratamientos dentales<\/p>\n\t\t\n<style>\n#text-128477633 {\n  text-align: left;\n}\n<\/style>\n\t<\/div>\n\t\n\t\t<\/div>\n\t<\/div>\n\t\n\t\n\t\t<\/div>\n\t\t\t\t\n<style>\n#col-569645678 > .col-inner {\n  margin: 0px 0px -15px 0px;\n}\n@media (min-width:550px) {\n  #col-569645678 > .col-inner {\n    margin: 0px 0px 0px 0px;\n  }\n}\n<\/style>\n\t<\/div>\n\n\t\n\n\t<div id=\"col-293946443\" class=\"col medium-4 small-12 large-4\"  >\n\t\t\t\t<div class=\"col-inner\"  >\n\t\t\t\n\t\t\t\n\n\t\t<div class=\"icon-box featured-box icon-box-left text-left\"  >\n\t\t\t\t\t<div class=\"icon-box-img\" style=\"width: 20px\">\n\t\t\t\t<div class=\"icon\">\n\t\t\t\t\t<div class=\"icon-inner\" >\n\t\t\t\t\t\t<img loading=\"lazy\" decoding=\"async\" width=\"34\" height=\"34\" src=\"https:\/\/marmarahealthcenter.com\/wp-content\/uploads\/2025\/04\/plus-icon.webp\" class=\"attachment-medium size-medium\" alt=\"\" \/>\t\t\t\t\t<\/div>\n\t\t\t\t<\/div>\n\t\t\t<\/div>\n\t\t\t\t<div class=\"icon-box-text last-reset\">\n\t\t\t\t\t\t\t\t\t\n\t<div id=\"text-2826490472\" class=\"text\">\n\t\t\n<p>Cirug\u00eda de obesidad<\/p>\n\t\t\n<style>\n#text-2826490472 {\n  text-align: left;\n}\n<\/style>\n\t<\/div>\n\t\n\t\t<\/div>\n\t<\/div>\n\t\n\t\n\t\t<\/div>\n\t\t\t\t\t<\/div>\n\n\t\n<\/div>\n\t<div id=\"text-134729366\" class=\"text\">\n\t\t\n<p><span style=\"color: #3c728b; font-size: 120%;\"><strong>\u00bfPor qu\u00e9 Cl\u00ednica de Salud Marmara?<\/strong><\/span><br \/>+ La formaci\u00f3n acad\u00e9mica de nuestros m\u00e9dicos,<br \/>+ M\u00e1s de 20 a\u00f1os de experiencia y pericia en cirug\u00eda general,<br \/>+ M\u00e1s de 10 a\u00f1os de experiencia en cirug\u00eda bari\u00e1trica,<br \/>+ Miles de historias de cirug\u00edas y tratamientos exitosos,<br \/>+ Seguir las innovaciones y desarrollos cient\u00edficos en el mundo m\u00e9dico,<br \/>+ Aplicar los \u00faltimos m\u00e9todos de tratamiento comprobados<\/p>\n\t\t\n<style>\n#text-134729366 {\n  color: rgb(0,0,0);\n}\n#text-134729366 > * {\n  color: rgb(0,0,0);\n}\n<\/style>\n\t<\/div>\n\t\n<a class=\"button primary\"  style=\"border-radius:10px;\">\n\t\t<span>Reservar una cita<\/span>\n\t<\/a>\n\n\t\t<\/div>\n\t\t\t\t\n<style>\n#col-1594301312 > .col-inner {\n  padding: 0px 0px 0px 3%;\n}\n@media (min-width:550px) {\n  #col-1594301312 > .col-inner {\n    padding: 0px 0px 0px 15%;\n  }\n}\n<\/style>\n\t<\/div>\n\n\t\n\n\t<div id=\"col-1532458332\" class=\"col medium-5 small-12 large-5 small-col-first\"  >\n\t\t\t\t<div class=\"col-inner\"  >\n\t\t\t\n\t\t\t\n\t<div class=\"img has-hover x md-x lg-x y md-y lg-y\" id=\"image_1069954450\">\n\t\t\t\t\t\t\t\t<div class=\"img-inner dark\" >\n\t\t\t<img loading=\"lazy\" decoding=\"async\" width=\"794\" height=\"939\" src=\"https:\/\/marmarahealthcenter.com\/wp-content\/uploads\/2025\/04\/MHC_hakkimdagorsel.webp\" class=\"attachment-2048x2048 size-2048x2048\" alt=\"\" srcset=\"https:\/\/marmarahealthcenter.com\/wp-content\/uploads\/2025\/04\/MHC_hakkimdagorsel.webp 794w, https:\/\/marmarahealthcenter.com\/wp-content\/uploads\/2025\/04\/MHC_hakkimdagorsel-338x400.webp 338w, https:\/\/marmarahealthcenter.com\/wp-content\/uploads\/2025\/04\/MHC_hakkimdagorsel-676x800.webp 676w, https:\/\/marmarahealthcenter.com\/wp-content\/uploads\/2025\/04\/MHC_hakkimdagorsel-768x908.webp 768w\" sizes=\"auto, (max-width: 794px) 100vw, 794px\" \/>\t\t\t\t\t\t\n\t\t\t\t\t<\/div>\n\t\t\t\t\t\t\t\t\n<style>\n#image_1069954450 {\n  width: 100%;\n}\n<\/style>\n\t<\/div>\n\t\n\t\t<\/div>\n\t\t\t\t\n<style>\n#col-1532458332 > .col-inner {\n  padding: 0px 0px 0px 0px;\n}\n@media (min-width:550px) {\n  #col-1532458332 > .col-inner {\n    padding: 0px 15% 0px 0px;\n  }\n}\n<\/style>\n\t<\/div>\n\n\t\n<\/div>\n\t\t<\/div>\n\n\t\t\n<style>\n#section_571004388 {\n  padding-top: 10px;\n  padding-bottom: 10px;\n  background-color: rgb(245, 248, 250);\n}\n@media (min-width:550px) {\n  #section_571004388 {\n    padding-top: 30px;\n    padding-bottom: 30px;\n  }\n}\n<\/style>\n\t<\/section>\n\t\n\n\t<section class=\"section\" id=\"section_1075290634\">\n\t\t<div class=\"section-bg fill\" >\n\t\t\t\t\t\t\t\t\t\n\t\t\t\n\n\t\t<\/div>\n\n\t\t\n\n\t\t<div class=\"section-content relative\">\n\t\t\t\n<div class=\"row align-center\"  id=\"row-1228011429\">\n\n\t<div id=\"col-2042968434\" class=\"col small-12 large-12\"  >\n\t\t\t\t<div class=\"col-inner text-center\"  >\n\t\t\t\n\t\t\t\n\t<div id=\"text-759440530\" class=\"text\">\n\t\t\n<div><strong>Nuestro Equipo<\/strong><\/div>\n\t\t\n<style>\n#text-759440530 {\n  font-size: 1.75rem;\n  color: rgb(60, 114, 139);\n}\n#text-759440530 > * {\n  color: rgb(60, 114, 139);\n}\n@media (min-width:550px) {\n  #text-759440530 {\n    font-size: 2.5rem;\n  }\n}\n<\/style>\n\t<\/div>\n\t\n<div class=\"is-divider divider clearfix\" style=\"margin-top:0.3em;margin-bottom:0.3em;max-width:200px;height:5px;background-color:rgb(37, 230, 200);\"><\/div>\n\t\t<\/div>\n\t\t\t\t\t<\/div>\n\n\t\n\n\t<div id=\"col-897565741\" class=\"col medium-3 small-6 large-3\"  >\n\t\t\t\t<div class=\"col-inner\"  >\n\t\t\t\n\t\t\t\n\t<div class=\"box has-hover   has-hover box-text-bottom\" >\n\n\t\t<div class=\"box-image\" >\n\t\t\t\t\t\t<div class=\"\" >\n\t\t\t\t<img loading=\"lazy\" decoding=\"async\" width=\"330\" height=\"599\" src=\"https:\/\/marmarahealthcenter.com\/wp-content\/uploads\/2025\/04\/Doc.-Dr.-Hasan-ABUOGLU.webp\" class=\"attachment-2048x2048 size-2048x2048\" alt=\"\" srcset=\"https:\/\/marmarahealthcenter.com\/wp-content\/uploads\/2025\/04\/Doc.-Dr.-Hasan-ABUOGLU.webp 330w, https:\/\/marmarahealthcenter.com\/wp-content\/uploads\/2025\/04\/Doc.-Dr.-Hasan-ABUOGLU-220x400.webp 220w\" sizes=\"auto, (max-width: 330px) 100vw, 330px\" \/>\t\t\t\t\t\t\t\t\t\t\t<\/div>\n\t\t\t\t\t<\/div>\n\n\t\t<div class=\"box-text text-center\" >\n\t\t\t<div class=\"box-text-inner\">\n\t\t\t\t\n\t\t\t<\/div>\n\t\t<\/div>\n\t<\/div>\n\t\n\t\t<\/div>\n\t\t\t\t\t<\/div>\n\n\t\n\n\t<div id=\"col-2115341738\" class=\"col medium-3 small-6 large-3\"  >\n\t\t\t\t<div class=\"col-inner\"  >\n\t\t\t\n\t\t\t\n\t<div class=\"box has-hover   has-hover box-text-bottom\" >\n\n\t\t<div class=\"box-image\" >\n\t\t\t\t\t\t<div class=\"\" >\n\t\t\t\t<img loading=\"lazy\" decoding=\"async\" width=\"330\" height=\"599\" src=\"https:\/\/marmarahealthcenter.com\/wp-content\/uploads\/2025\/04\/Nihat-TUMER.webp\" class=\"attachment- size-\" alt=\"\" srcset=\"https:\/\/marmarahealthcenter.com\/wp-content\/uploads\/2025\/04\/Nihat-TUMER.webp 330w, https:\/\/marmarahealthcenter.com\/wp-content\/uploads\/2025\/04\/Nihat-TUMER-220x400.webp 220w\" sizes=\"auto, (max-width: 330px) 100vw, 330px\" \/>\t\t\t\t\t\t\t\t\t\t\t<\/div>\n\t\t\t\t\t<\/div>\n\n\t\t<div class=\"box-text text-center\" >\n\t\t\t<div class=\"box-text-inner\">\n\t\t\t\t\n\t\t\t<\/div>\n\t\t<\/div>\n\t<\/div>\n\t\n\t\t<\/div>\n\t\t\t\t\t<\/div>\n\n\t\n\n\t<div id=\"col-192655452\" class=\"col medium-3 small-6 large-3\"  >\n\t\t\t\t<div class=\"col-inner\"  >\n\t\t\t\n\t\t\t\n\t<div class=\"box has-hover   has-hover box-text-bottom\" >\n\n\t\t<div class=\"box-image\" >\n\t\t\t\t\t\t<div class=\"\" >\n\t\t\t\t<img loading=\"lazy\" decoding=\"async\" width=\"330\" height=\"599\" src=\"https:\/\/marmarahealthcenter.com\/wp-content\/uploads\/2025\/04\/Elif-ALUC.webp\" class=\"attachment- size-\" alt=\"\" srcset=\"https:\/\/marmarahealthcenter.com\/wp-content\/uploads\/2025\/04\/Elif-ALUC.webp 330w, https:\/\/marmarahealthcenter.com\/wp-content\/uploads\/2025\/04\/Elif-ALUC-220x400.webp 220w\" sizes=\"auto, (max-width: 330px) 100vw, 330px\" \/>\t\t\t\t\t\t\t\t\t\t\t<\/div>\n\t\t\t\t\t<\/div>\n\n\t\t<div class=\"box-text text-center\" >\n\t\t\t<div class=\"box-text-inner\">\n\t\t\t\t\n\t\t\t<\/div>\n\t\t<\/div>\n\t<\/div>\n\t\n\t\t<\/div>\n\t\t\t\t\t<\/div>\n\n\t\n\n\t<div id=\"col-1414760904\" class=\"col medium-3 small-6 large-3\"  >\n\t\t\t\t<div class=\"col-inner\"  >\n\t\t\t\n\t\t\t\n\t<div class=\"box has-hover   has-hover box-text-bottom\" >\n\n\t\t<div class=\"box-image\" >\n\t\t\t\t\t\t<div class=\"\" >\n\t\t\t\t<img loading=\"lazy\" decoding=\"async\" width=\"330\" height=\"599\" src=\"https:\/\/marmarahealthcenter.com\/wp-content\/uploads\/2025\/04\/Burak-BAYIROGLU.webp\" class=\"attachment- size-\" alt=\"\" srcset=\"https:\/\/marmarahealthcenter.com\/wp-content\/uploads\/2025\/04\/Burak-BAYIROGLU.webp 330w, https:\/\/marmarahealthcenter.com\/wp-content\/uploads\/2025\/04\/Burak-BAYIROGLU-220x400.webp 220w\" sizes=\"auto, (max-width: 330px) 100vw, 330px\" \/>\t\t\t\t\t\t\t\t\t\t\t<\/div>\n\t\t\t\t\t<\/div>\n\n\t\t<div class=\"box-text text-center\" >\n\t\t\t<div class=\"box-text-inner\">\n\t\t\t\t\n\t\t\t<\/div>\n\t\t<\/div>\n\t<\/div>\n\t\n\t\t<\/div>\n\t\t\t\t\t<\/div>\n\n\t\n<\/div>\n\t\t<\/div>\n\n\t\t\n<style>\n#section_1075290634 {\n  padding-top: 30px;\n  padding-bottom: 30px;\n  background-color: rgb(245, 248, 250);\n}\n<\/style>\n\t<\/section>\n\t\n","protected":false},"excerpt":{"rendered":"","protected":false},"author":1,"featured_media":0,"parent":0,"menu_order":0,"comment_status":"closed","ping_status":"closed","template":"page-blank.php","meta":{"footnotes":""},"class_list":["post-1468","page","type-page","status-publish","hentry"],"_links":{"self":[{"href":"https:\/\/marmarahealthcenter.com\/es\/wp-json\/wp\/v2\/pages\/1468","targetHints":{"allow":["GET"]}}],"collection":[{"href":"https:\/\/marmarahealthcenter.com\/es\/wp-json\/wp\/v2\/pages"}],"about":[{"href":"https:\/\/marmarahealthcenter.com\/es\/wp-json\/wp\/v2\/types\/page"}],"author":[{"embeddable":true,"href":"https:\/\/marmarahealthcenter.com\/es\/wp-json\/wp\/v2\/users\/1"}],"replies":[{"embeddable":true,"href":"https:\/\/marmarahealthcenter.com\/es\/wp-json\/wp\/v2\/comments?post=1468"}],"version-history":[{"count":2,"href":"https:\/\/marmarahealthcenter.com\/es\/wp-json\/wp\/v2\/pages\/1468\/revisions"}],"predecessor-version":[{"id":1476,"href":"https:\/\/marmarahealthcenter.com\/es\/wp-json\/wp\/v2\/pages\/1468\/revisions\/1476"}],"wp:attachment":[{"href":"https:\/\/marmarahealthcenter.com\/es\/wp-json\/wp\/v2\/media?parent=1468"}],"curies":[{"name":"wp","href":"https:\/\/api.w.org\/{rel}","templated":true}]}}