{"id":1469,"date":"2025-04-22T06:53:49","date_gmt":"2025-04-22T06:53:49","guid":{"rendered":"https:\/\/marmarahealthcenter.com\/?page_id=1469"},"modified":"2025-07-03T11:14:32","modified_gmt":"2025-07-03T11:14:32","slug":"cirugia-estetica","status":"publish","type":"page","link":"https:\/\/marmarahealthcenter.com\/es\/cirugia-estetica\/","title":{"rendered":"Cirug\u00eda Est\u00e9tica"},"content":{"rendered":"\n\t<section class=\"section\" id=\"section_1540335923\">\n\t\t<div class=\"section-bg fill\" >\n\t\t\t\t\t\t\t\t\t\n\t\t\t\n\n\t\t<\/div>\n\n\t\t\n\n\t\t<div class=\"section-content relative\">\n\t\t\t\n<div class=\"row align-center\"  id=\"row-1238940179\">\n\n\t<div id=\"col-99921373\" class=\"col small-12 large-12\"  >\n\t\t\t\t<div class=\"col-inner text-center\"  >\n\t\t\t\n\t\t\t\n  <div id=\"page-header-625496911\" class=\"page-header-wrapper\">\n  <div class=\"page-title light simple-title\">\n\n    \n    <div class=\"page-title-inner container align-top text-center flex-row-col medium-flex-wrap\" >\n              <div class=\"title-wrapper flex-col\">\n          <h1 class=\"entry-title mb-0\">\n            Cirug\u00eda Est\u00e9tica          <\/h1>\n        <\/div>\n                    <div class=\"title-content flex-col\">\n        <div class=\"title-breadcrumbs pb-half pt-half\"><\/div>      <\/div>\n    <\/div>\n\n       <\/div>\n    <\/div>\n  \n<div class=\"is-divider divider clearfix\" style=\"margin-top:0.3em;margin-bottom:0.3em;max-width:300px;height:5px;background-color:rgb(37, 230, 200);\"><\/div>\n<p>Cirug\u00eda est\u00e9tica en Turqu\u00eda, Estambul<\/p>\n\t\t<\/div>\n\t\t\t\t\t<\/div>\n\n\t\n\n\t<div id=\"col-30272554\" class=\"col small-12 large-12\"  >\n\t\t\t\t<div class=\"col-inner\"  >\n\t\t\t\n\t\t\t\n\n  \n    <div class=\"row large-columns-2 medium-columns- small-columns- has-shadow row-box-shadow-2\" >\n  <div class=\"page-col col\" >\n          <div class=\"col-inner\" >\n          <a class=\"block plain\" href=\"https:\/\/marmarahealthcenter.com\/es\/cirugia-estetica\/elevacion-de-brazos-y-piernas\/\" title=\"Elevaci\u00f3n de Brazos y Piernas\" target=\"\">\n            <div class=\"page-box box has-hover box-bounce\">\n                  <div class=\"box-image\" >\n                      <div class=\"box-image\" >\n                      <img loading=\"lazy\" decoding=\"async\" width=\"1600\" height=\"900\" src=\"https:\/\/marmarahealthcenter.com\/wp-content\/uploads\/2025\/04\/Arm-and-Leg-Lift-in-Turkey.jpg\" class=\"attachment-2048x2048 size-2048x2048\" alt=\"\" srcset=\"https:\/\/marmarahealthcenter.com\/wp-content\/uploads\/2025\/04\/Arm-and-Leg-Lift-in-Turkey.jpg 1600w, https:\/\/marmarahealthcenter.com\/wp-content\/uploads\/2025\/04\/Arm-and-Leg-Lift-in-Turkey-711x400.jpg 711w, https:\/\/marmarahealthcenter.com\/wp-content\/uploads\/2025\/04\/Arm-and-Leg-Lift-in-Turkey-1400x788.jpg 1400w, https:\/\/marmarahealthcenter.com\/wp-content\/uploads\/2025\/04\/Arm-and-Leg-Lift-in-Turkey-768x432.jpg 768w, https:\/\/marmarahealthcenter.com\/wp-content\/uploads\/2025\/04\/Arm-and-Leg-Lift-in-Turkey-1536x864.jpg 1536w\" sizes=\"auto, (max-width: 1600px) 100vw, 1600px\" \/>                      <\/div>\n                                                              <\/div>\n                  <div class=\"box-text text-center is-large dark\" style=\"background-color:rgb(43, 170, 236);\">\n                        <div class=\"box-text-inner\">\n                            <p>Elevaci\u00f3n de Brazos y Piernas<\/p>\n                        <\/div>\n                  <\/div>\n              <\/div>\n            <\/a>\n            <\/div>\n          <\/div><div class=\"page-col col\" >\n          <div class=\"col-inner\" >\n          <a class=\"block plain\" href=\"https:\/\/marmarahealthcenter.com\/es\/cirugia-estetica\/aumento-de-senos\/\" title=\"Aumento de Senos\" target=\"\">\n            <div class=\"page-box box has-hover box-bounce\">\n                  <div class=\"box-image\" >\n                      <div class=\"box-image\" >\n                      <img loading=\"lazy\" decoding=\"async\" width=\"1600\" height=\"900\" src=\"https:\/\/marmarahealthcenter.com\/wp-content\/uploads\/2025\/04\/Breast-Augmentation-in-Turkey.jpg\" class=\"attachment-2048x2048 size-2048x2048\" alt=\"\" srcset=\"https:\/\/marmarahealthcenter.com\/wp-content\/uploads\/2025\/04\/Breast-Augmentation-in-Turkey.jpg 1600w, https:\/\/marmarahealthcenter.com\/wp-content\/uploads\/2025\/04\/Breast-Augmentation-in-Turkey-711x400.jpg 711w, https:\/\/marmarahealthcenter.com\/wp-content\/uploads\/2025\/04\/Breast-Augmentation-in-Turkey-1400x788.jpg 1400w, https:\/\/marmarahealthcenter.com\/wp-content\/uploads\/2025\/04\/Breast-Augmentation-in-Turkey-768x432.jpg 768w, https:\/\/marmarahealthcenter.com\/wp-content\/uploads\/2025\/04\/Breast-Augmentation-in-Turkey-1536x864.jpg 1536w\" sizes=\"auto, (max-width: 1600px) 100vw, 1600px\" \/>                      <\/div>\n                                                              <\/div>\n                  <div class=\"box-text text-center is-large dark\" style=\"background-color:rgb(43, 170, 236);\">\n                        <div class=\"box-text-inner\">\n                            <p>Aumento de Senos<\/p>\n                        <\/div>\n                  <\/div>\n              <\/div>\n            <\/a>\n            <\/div>\n          <\/div><div class=\"page-col col\" >\n          <div class=\"col-inner\" >\n          <a class=\"block plain\" href=\"https:\/\/marmarahealthcenter.com\/es\/cirugia-estetica\/levantamiento-de-senos\/\" title=\"Levantamiento de Senos\" target=\"\">\n            <div class=\"page-box box has-hover box-bounce\">\n                  <div class=\"box-image\" >\n                      <div class=\"box-image\" >\n                      <img loading=\"lazy\" decoding=\"async\" width=\"1600\" height=\"900\" src=\"https:\/\/marmarahealthcenter.com\/wp-content\/uploads\/2025\/04\/Breast-Lift-in-Turkey.jpg\" class=\"attachment-2048x2048 size-2048x2048\" alt=\"\" srcset=\"https:\/\/marmarahealthcenter.com\/wp-content\/uploads\/2025\/04\/Breast-Lift-in-Turkey.jpg 1600w, https:\/\/marmarahealthcenter.com\/wp-content\/uploads\/2025\/04\/Breast-Lift-in-Turkey-711x400.jpg 711w, https:\/\/marmarahealthcenter.com\/wp-content\/uploads\/2025\/04\/Breast-Lift-in-Turkey-1400x788.jpg 1400w, https:\/\/marmarahealthcenter.com\/wp-content\/uploads\/2025\/04\/Breast-Lift-in-Turkey-768x432.jpg 768w, https:\/\/marmarahealthcenter.com\/wp-content\/uploads\/2025\/04\/Breast-Lift-in-Turkey-1536x864.jpg 1536w\" sizes=\"auto, (max-width: 1600px) 100vw, 1600px\" \/>                      <\/div>\n                                                              <\/div>\n                  <div class=\"box-text text-center is-large dark\" style=\"background-color:rgb(43, 170, 236);\">\n                        <div class=\"box-text-inner\">\n                            <p>Levantamiento de Senos<\/p>\n                        <\/div>\n                  <\/div>\n              <\/div>\n            <\/a>\n            <\/div>\n          <\/div><div class=\"page-col col\" >\n          <div class=\"col-inner\" >\n          <a class=\"block plain\" href=\"https:\/\/marmarahealthcenter.com\/es\/cirugia-estetica\/reduccion-de-senos\/\" title=\"Reducci\u00f3n de Senos\" target=\"\">\n            <div class=\"page-box box has-hover box-bounce\">\n                  <div class=\"box-image\" >\n                      <div class=\"box-image\" >\n                      <img loading=\"lazy\" decoding=\"async\" width=\"1440\" height=\"700\" src=\"https:\/\/marmarahealthcenter.com\/wp-content\/uploads\/2025\/05\/breastreduction.webp\" class=\"attachment-2048x2048 size-2048x2048\" alt=\"\" srcset=\"https:\/\/marmarahealthcenter.com\/wp-content\/uploads\/2025\/05\/breastreduction.webp 1440w, https:\/\/marmarahealthcenter.com\/wp-content\/uploads\/2025\/05\/breastreduction-800x389.webp 800w, https:\/\/marmarahealthcenter.com\/wp-content\/uploads\/2025\/05\/breastreduction-1400x681.webp 1400w, https:\/\/marmarahealthcenter.com\/wp-content\/uploads\/2025\/05\/breastreduction-768x373.webp 768w\" sizes=\"auto, (max-width: 1440px) 100vw, 1440px\" \/>                      <\/div>\n                                                              <\/div>\n                  <div class=\"box-text text-center is-large dark\" style=\"background-color:rgb(43, 170, 236);\">\n                        <div class=\"box-text-inner\">\n                            <p>Reducci\u00f3n de Senos<\/p>\n                        <\/div>\n                  <\/div>\n              <\/div>\n            <\/a>\n            <\/div>\n          <\/div><div class=\"page-col col\" >\n          <div class=\"col-inner\" >\n          <a class=\"block plain\" href=\"https:\/\/marmarahealthcenter.com\/es\/cirugia-estetica\/cirugia-de-ginecomastia\/\" title=\"Cirug\u00eda de Ginecomastia\" target=\"\">\n            <div class=\"page-box box has-hover box-bounce\">\n                  <div class=\"box-image\" >\n                      <div class=\"box-image\" >\n                      <img loading=\"lazy\" decoding=\"async\" width=\"1600\" height=\"900\" src=\"https:\/\/marmarahealthcenter.com\/wp-content\/uploads\/2025\/04\/Gynecomastia-Surgery-in-Turkey.jpg\" class=\"attachment-2048x2048 size-2048x2048\" alt=\"\" srcset=\"https:\/\/marmarahealthcenter.com\/wp-content\/uploads\/2025\/04\/Gynecomastia-Surgery-in-Turkey.jpg 1600w, https:\/\/marmarahealthcenter.com\/wp-content\/uploads\/2025\/04\/Gynecomastia-Surgery-in-Turkey-711x400.jpg 711w, https:\/\/marmarahealthcenter.com\/wp-content\/uploads\/2025\/04\/Gynecomastia-Surgery-in-Turkey-1400x788.jpg 1400w, https:\/\/marmarahealthcenter.com\/wp-content\/uploads\/2025\/04\/Gynecomastia-Surgery-in-Turkey-768x432.jpg 768w, https:\/\/marmarahealthcenter.com\/wp-content\/uploads\/2025\/04\/Gynecomastia-Surgery-in-Turkey-1536x864.jpg 1536w\" sizes=\"auto, (max-width: 1600px) 100vw, 1600px\" \/>                      <\/div>\n                                                              <\/div>\n                  <div class=\"box-text text-center is-large dark\" style=\"background-color:rgb(43, 170, 236);\">\n                        <div class=\"box-text-inner\">\n                            <p>Cirug\u00eda de Ginecomastia<\/p>\n                        <\/div>\n                  <\/div>\n              <\/div>\n            <\/a>\n            <\/div>\n          <\/div><div class=\"page-col col\" >\n          <div class=\"col-inner\" >\n          <a class=\"block plain\" href=\"https:\/\/marmarahealthcenter.com\/es\/cirugia-estetica\/liposuccion\/\" title=\"Liposucci\u00f3n\" target=\"\">\n            <div class=\"page-box box has-hover box-bounce\">\n                  <div class=\"box-image\" >\n                      <div class=\"box-image\" >\n                      <img loading=\"lazy\" decoding=\"async\" width=\"1600\" height=\"900\" src=\"https:\/\/marmarahealthcenter.com\/wp-content\/uploads\/2025\/04\/Liposuction-in-Turkey.jpg\" class=\"attachment-2048x2048 size-2048x2048\" alt=\"\" srcset=\"https:\/\/marmarahealthcenter.com\/wp-content\/uploads\/2025\/04\/Liposuction-in-Turkey.jpg 1600w, https:\/\/marmarahealthcenter.com\/wp-content\/uploads\/2025\/04\/Liposuction-in-Turkey-711x400.jpg 711w, https:\/\/marmarahealthcenter.com\/wp-content\/uploads\/2025\/04\/Liposuction-in-Turkey-1400x788.jpg 1400w, https:\/\/marmarahealthcenter.com\/wp-content\/uploads\/2025\/04\/Liposuction-in-Turkey-768x432.jpg 768w, https:\/\/marmarahealthcenter.com\/wp-content\/uploads\/2025\/04\/Liposuction-in-Turkey-1536x864.jpg 1536w\" sizes=\"auto, (max-width: 1600px) 100vw, 1600px\" \/>                      <\/div>\n                                                              <\/div>\n                  <div class=\"box-text text-center is-large dark\" style=\"background-color:rgb(43, 170, 236);\">\n                        <div class=\"box-text-inner\">\n                            <p>Liposucci\u00f3n<\/p>\n                        <\/div>\n                  <\/div>\n              <\/div>\n            <\/a>\n            <\/div>\n          <\/div><div class=\"page-col col\" >\n          <div class=\"col-inner\" >\n          <a class=\"block plain\" href=\"https:\/\/marmarahealthcenter.com\/es\/cirugia-estetica\/abdominoplastia\/\" title=\"Abdominoplastia\" target=\"\">\n            <div class=\"page-box box has-hover box-bounce\">\n                  <div class=\"box-image\" >\n                      <div class=\"box-image\" >\n                      <img loading=\"lazy\" decoding=\"async\" width=\"1600\" height=\"900\" src=\"https:\/\/marmarahealthcenter.com\/wp-content\/uploads\/2025\/04\/Tummy-Tuck-in-Turkey.jpg\" class=\"attachment-2048x2048 size-2048x2048\" alt=\"\" srcset=\"https:\/\/marmarahealthcenter.com\/wp-content\/uploads\/2025\/04\/Tummy-Tuck-in-Turkey.jpg 1600w, https:\/\/marmarahealthcenter.com\/wp-content\/uploads\/2025\/04\/Tummy-Tuck-in-Turkey-711x400.jpg 711w, https:\/\/marmarahealthcenter.com\/wp-content\/uploads\/2025\/04\/Tummy-Tuck-in-Turkey-1400x788.jpg 1400w, https:\/\/marmarahealthcenter.com\/wp-content\/uploads\/2025\/04\/Tummy-Tuck-in-Turkey-768x432.jpg 768w, https:\/\/marmarahealthcenter.com\/wp-content\/uploads\/2025\/04\/Tummy-Tuck-in-Turkey-1536x864.jpg 1536w\" sizes=\"auto, (max-width: 1600px) 100vw, 1600px\" \/>                      <\/div>\n                                                              <\/div>\n                  <div class=\"box-text text-center is-large dark\" style=\"background-color:rgb(43, 170, 236);\">\n                        <div class=\"box-text-inner\">\n                            <p>Abdominoplastia<\/p>\n                        <\/div>\n                  <\/div>\n              <\/div>\n            <\/a>\n            <\/div>\n          <\/div><\/div>\n\t\t<\/div>\n\t\t\t\t\t<\/div>\n\n\t\n<\/div>\n\t\t<\/div>\n\n\t\t\n<style>\n#section_1540335923 {\n  padding-top: 30px;\n  padding-bottom: 30px;\n}\n<\/style>\n\t<\/section>\n\t\n","protected":false},"excerpt":{"rendered":"","protected":false},"author":1,"featured_media":0,"parent":0,"menu_order":0,"comment_status":"closed","ping_status":"closed","template":"page-blank.php","meta":{"footnotes":""},"class_list":["post-1469","page","type-page","status-publish","hentry"],"_links":{"self":[{"href":"https:\/\/marmarahealthcenter.com\/es\/wp-json\/wp\/v2\/pages\/1469","targetHints":{"allow":["GET"]}}],"collection":[{"href":"https:\/\/marmarahealthcenter.com\/es\/wp-json\/wp\/v2\/pages"}],"about":[{"href":"https:\/\/marmarahealthcenter.com\/es\/wp-json\/wp\/v2\/types\/page"}],"author":[{"embeddable":true,"href":"https:\/\/marmarahealthcenter.com\/es\/wp-json\/wp\/v2\/users\/1"}],"replies":[{"embeddable":true,"href":"https:\/\/marmarahealthcenter.com\/es\/wp-json\/wp\/v2\/comments?post=1469"}],"version-history":[{"count":3,"href":"https:\/\/marmarahealthcenter.com\/es\/wp-json\/wp\/v2\/pages\/1469\/revisions"}],"predecessor-version":[{"id":1566,"href":"https:\/\/marmarahealthcenter.com\/es\/wp-json\/wp\/v2\/pages\/1469\/revisions\/1566"}],"wp:attachment":[{"href":"https:\/\/marmarahealthcenter.com\/es\/wp-json\/wp\/v2\/media?parent=1469"}],"curies":[{"name":"wp","href":"https:\/\/api.w.org\/{rel}","templated":true}]}}